{"id":7210,"date":"2026-01-29T09:47:54","date_gmt":"2026-01-29T09:47:54","guid":{"rendered":"https:\/\/chil.com.tr\/?page_id=7210"},"modified":"2026-03-05T13:17:12","modified_gmt":"2026-03-05T13:17:12","slug":"news","status":"publish","type":"page","link":"https:\/\/chil.com.tr\/tr\/news\/","title":{"rendered":"Ke\u015ffet"},"content":{"rendered":"\t\t<div data-elementor-type=\"wp-page\" data-elementor-id=\"7210\" class=\"elementor elementor-7210\">\n\t\t\t\t\t\t<section class=\"elementor-section elementor-top-section elementor-element elementor-element-f4ed3a4 elementor-section-boxed elementor-section-height-default elementor-section-height-default\" data-id=\"f4ed3a4\" data-element_type=\"section\" data-settings=\"{&quot;background_background&quot;:&quot;classic&quot;}\">\n\t\t\t\t\t\t<div class=\"elementor-container elementor-column-gap-default\">\n\t\t\t\t\t<div data-custom-animations=\"true\" data-ca-options=\"{&quot;addChildTimelines&quot;:false,&quot;trigger&quot;:&quot;firstChild&quot;,&quot;animationTarget&quot;:&quot;:scope &gt; .elementor-widget-wrap &gt; .elementor-element &gt; .elementor-widget-container, :scope &gt; .elementor-widget-wrap &gt; .elementor-section &gt; .elementor-container &gt; .elementor-column &gt; .elementor-widget-wrap &gt; .elementor-element:not(.lqd-el-has-inner-anim) &gt; .elementor-widget-container, :scope &gt; .elementor-widget-wrap &gt; .elementor-widget-hub_fancy_heading .lqd-split-lines .lqd-lines .split-inner, :scope &gt; .elementor-widget-wrap &gt; .elementor-widget-hub_fancy_heading .lqd-split-words .lqd-words .split-inner, :scope &gt; .elementor-widget-wrap &gt; .elementor-widget-hub_fancy_heading .lqd-split-chars .lqd-chars .split-inner, :scope &gt; .elementor-widget-wrap &gt; .elementor-widget-ld_custom_menu .lqd-fancy-menu &gt; ul &gt; li&quot;,&quot;duration&quot;:1800,&quot;delay&quot;:180,&quot;ease&quot;:[&quot;power4.out&quot;],&quot;initValues&quot;:{&quot;y&quot;:&quot;30px&quot;,&quot;scaleY&quot;:1.1,&quot;opacity&quot;:0,&quot;transformOrigin&quot;:&quot;50% 50% 0px&quot;},&quot;animations&quot;:{&quot;y&quot;:&quot;0px&quot;,&quot;scaleY&quot;:1,&quot;opacity&quot;:1,&quot;transformOrigin&quot;:&quot;50% 50% 0px&quot;}}\" class=\"elementor-column elementor-col-66 elementor-top-column elementor-element elementor-element-2ca9a70\" data-id=\"2ca9a70\" data-element_type=\"column\">\n\t\t\t<div class=\"elementor-widget-wrap elementor-element-populated\">\n\t\t\t\t\t\t<div class=\"elementor-element elementor-element-12db479 elementor-widget__width-auto elementor-widget elementor-widget-hub_fancy_heading\" data-id=\"12db479\" data-element_type=\"widget\" data-widget_type=\"hub_fancy_heading.default\">\n\t\t\t\t<div class=\"elementor-widget-container\">\n\t\t\t\t\t\n\t\t<div id=\"ld-fancy-heading-69e9bfd2444a5\" class=\"ld-fancy-heading pos-rel\">\n\t\t\t<h6 class=\"ld-fh-element d-inline-block pos-rel  elementor-heading-title lqd-highlight-classic lqd-highlight-grow-left h6\"  > NEWS<\/h6>\t\t<\/div>\n\n\t\t\t\t\t\t<\/div>\n\t\t\t\t<\/div>\n\t\t\t\t<div class=\"elementor-element elementor-element-e89227a elementor-widget elementor-widget-hub_fancy_heading\" data-id=\"e89227a\" data-element_type=\"widget\" data-widget_type=\"hub_fancy_heading.default\">\n\t\t\t\t<div class=\"elementor-widget-container\">\n\t\t\t\t\t\n\t\t<div id=\"ld-fancy-heading-69e9bfd245162\" class=\"ld-fancy-heading pos-rel\">\n\t\t\t<h1 class=\"ld-fh-element d-inline-block pos-rel  elementor-heading-title lqd-highlight-classic lqd-highlight-grow-left h1\"  > Stay in Tune!<\/h1>\t\t<\/div>\n\n\t\t\t\t\t\t<\/div>\n\t\t\t\t<\/div>\n\t\t\t\t<div class=\"elementor-element elementor-element-a16dfeb elementor-widget elementor-widget-hub_fancy_heading\" data-id=\"a16dfeb\" data-element_type=\"widget\" data-widget_type=\"hub_fancy_heading.default\">\n\t\t\t\t<div class=\"elementor-widget-container\">\n\t\t\t\t\t\n\t\t<div id=\"ld-fancy-heading-69e9bfd245dc3\" class=\"ld-fancy-heading pos-rel\">\n\t\t\t<p class=\"ld-fh-element d-inline-block pos-rel  lqd-highlight-classic lqd-highlight-grow-left p\"  > Key updates, strategic steps, and progress across our technologies, partnerships, and global footprint.<\/p>\t\t<\/div>\n\n\t\t\t\t\t\t<\/div>\n\t\t\t\t<\/div>\n\t\t\t\t\t<\/div>\n\t\t<\/div>\n\t\t\t\t<div class=\"elementor-column elementor-col-33 elementor-top-column elementor-element elementor-element-08160a8 elementor-hidden-tablet elementor-hidden-mobile\" data-id=\"08160a8\" data-element_type=\"column\">\n\t\t\t<div class=\"elementor-widget-wrap\">\n\t\t\t\t\t\t\t<\/div>\n\t\t<\/div>\n\t\t\t\t\t<\/div>\n\t\t<\/section>\n\t\t\t\t<section class=\"elementor-section elementor-top-section elementor-element elementor-element-e6eeb6b elementor-section-content-middle elementor-section-boxed elementor-section-height-default elementor-section-height-default\" data-id=\"e6eeb6b\" data-element_type=\"section\" data-settings=\"{&quot;background_background&quot;:&quot;classic&quot;}\">\n\t\t\t\t\t\t\t<div class=\"elementor-background-overlay\"><\/div>\n\t\t\t\t\t\t\t<div class=\"elementor-container elementor-column-gap-default\">\n\t\t\t\t\t<div class=\"elementor-column elementor-col-100 elementor-top-column elementor-element elementor-element-de73623\" data-id=\"de73623\" data-element_type=\"column\">\n\t\t\t<div class=\"elementor-widget-wrap elementor-element-populated\">\n\t\t\t\t\t\t<div class=\"elementor-element elementor-element-3a69786 elementor-widget elementor-widget-ld_blog\" data-id=\"3a69786\" data-element_type=\"widget\" data-widget_type=\"ld_blog.default\">\n\t\t\t\t<div class=\"elementor-widget-container\">\n\t\t\t\t\t<div class=\"lqd-lp-grid 3a69786 blog-id-61249414 \"><div class=\"lqd-lp-row row pos-rel d-flex flex-wrap\" ><div class=\"lqd-lp-column d-flex flex-column col-md-12 2025 news\"><article id=\"post-7232\" class=\"lqd-lp pos-rel lqd-lp lqd-lp-style-22 lqd-lp-hover-img-zoom text-start post-7232 post type-post status-publish format-standard hentry category-23 category-news tag-news\">\n\n<header class=\"entry-header lqd-lp-header mb-3\">\n\n\t<div class=\"lqd-lp-meta lqd-lp-meta-dot-between text-uppercase font-weight-bold text-uppercase ltr-sp-1\">\n        <div class=\"lqd-lp-author pos-rel z-index-3\">\n            <div class=\"lqd-lp-author-info\">\n                <span class=\"mt-0 mb-0\"><a href=\"https:\/\/chil.com.tr\/tr\/author\/admin\/\" title=\"CHIL taraf\u0131ndan yaz\u0131lan yaz\u0131lar\" rel=\"author\">CHIL<\/a><\/span>\n            <\/div>\n        <\/div>\n        <span class=\"lqd-lp-date\">\n            <a href=\"https:\/\/chil.com.tr\/tr\/strategic-technology-transfer\/\">Aral\u0131k 29, 2025<\/a>\n        <\/span>\n\n\t\t<div class=\"lqd-lp-meta\">\n    \t\t    \t<\/div>\n\n            <\/div>\n\n    <h1 class=\"entry-title lqd-lp-title mt-2 mb-3 h5\"><a  href=\"https:\/\/chil.com.tr\/tr\/strategic-technology-transfer\/\" rel=\"bookmark\">Strategic Technology Transfer<\/a><\/h1>\n<\/header>\n\n\t\t\t<div class=\"entry-summary lqd-lp-excerpt mb-3\">\n\t\t\t\tA long-term production and technology transfer agreement with Brazil was signed, reinforcing CHIL\u2019s commitment to sustainable global manufacturing partnerships.\t\t\t<\/div>\n\t\t\n<a  href=\"https:\/\/chil.com.tr\/tr\/strategic-technology-transfer\/\" class=\"lqd-lp-overlay-link lqd-overlay lqd-cc-label-trigger z-index-2\" tab-index=\"-1\"><\/a><\/article><\/div><div class=\"lqd-lp-column d-flex flex-column col-md-12 news\"><article id=\"post-7273\" class=\"lqd-lp pos-rel lqd-lp lqd-lp-style-22 lqd-lp-hover-img-zoom text-start post-7273 post type-post status-publish format-standard hentry category-news tag-news\">\n\n<header class=\"entry-header lqd-lp-header mb-3\">\n\n\t<div class=\"lqd-lp-meta lqd-lp-meta-dot-between text-uppercase font-weight-bold text-uppercase ltr-sp-1\">\n        <div class=\"lqd-lp-author pos-rel z-index-3\">\n            <div class=\"lqd-lp-author-info\">\n                <span class=\"mt-0 mb-0\"><a href=\"https:\/\/chil.com.tr\/tr\/author\/admin\/\" title=\"CHIL taraf\u0131ndan yaz\u0131lan yaz\u0131lar\" rel=\"author\">CHIL<\/a><\/span>\n            <\/div>\n        <\/div>\n        <span class=\"lqd-lp-date\">\n            <a href=\"https:\/\/chil.com.tr\/tr\/innovation-and-intellectual-property\/\">Ocak 29, 2024<\/a>\n        <\/span>\n\n\t\t<div class=\"lqd-lp-meta\">\n    \t\t    \t<\/div>\n\n            <\/div>\n\n    <h1 class=\"entry-title lqd-lp-title mt-2 mb-3 h5\"><a  href=\"https:\/\/chil.com.tr\/tr\/innovation-and-intellectual-property\/\" rel=\"bookmark\">Innovation and Intellectual Property<\/a><\/h1>\n<\/header>\n\n\t\t\t<div class=\"entry-summary lqd-lp-excerpt mb-3\">\n\t\t\t\tCHIL initiated patent applications and product development efforts focused on the detection of breast cancer and breast anomalies, signaling a&hellip;\t\t\t<\/div>\n\t\t\n<a  href=\"https:\/\/chil.com.tr\/tr\/innovation-and-intellectual-property\/\" class=\"lqd-lp-overlay-link lqd-overlay lqd-cc-label-trigger z-index-2\" tab-index=\"-1\"><\/a><\/article><\/div><div class=\"lqd-lp-column d-flex flex-column col-md-12 news\"><article id=\"post-8032\" class=\"lqd-lp pos-rel lqd-lp lqd-lp-style-22 lqd-lp-hover-img-zoom text-start post-8032 post type-post status-publish format-standard hentry category-news tag-news\">\n\n<header class=\"entry-header lqd-lp-header mb-3\">\n\n\t<div class=\"lqd-lp-meta lqd-lp-meta-dot-between text-uppercase font-weight-bold text-uppercase ltr-sp-1\">\n        <div class=\"lqd-lp-author pos-rel z-index-3\">\n            <div class=\"lqd-lp-author-info\">\n                <span class=\"mt-0 mb-0\"><a href=\"https:\/\/chil.com.tr\/tr\/author\/admin\/\" title=\"CHIL taraf\u0131ndan yaz\u0131lan yaz\u0131lar\" rel=\"author\">CHIL<\/a><\/span>\n            <\/div>\n        <\/div>\n        <span class=\"lqd-lp-date\">\n            <a href=\"https:\/\/chil.com.tr\/tr\/chil-italian-partner-showcase-synergy-in-diagnostics\/\">Kas\u0131m 17, 2023<\/a>\n        <\/span>\n\n\t\t<div class=\"lqd-lp-meta\">\n    \t\t    \t<\/div>\n\n            <\/div>\n\n    <h1 class=\"entry-title lqd-lp-title mt-2 mb-3 h5\"><a  href=\"https:\/\/chil.com.tr\/tr\/chil-italian-partner-showcase-synergy-in-diagnostics\/\" rel=\"bookmark\">CHIL &amp; Italian Partner Showcase Synergy in Diagnostics<\/a><\/h1>\n<\/header>\n\n\t\t\t<div class=\"entry-summary lqd-lp-excerpt mb-3\">\n\t\t\t\tFrom November 13 to 16, 2023, CHIL participated in MEDICA Messe D\u00fcsseldorf in a joint presence with its Italian partner.&hellip;\t\t\t<\/div>\n\t\t\n<a  href=\"https:\/\/chil.com.tr\/tr\/chil-italian-partner-showcase-synergy-in-diagnostics\/\" class=\"lqd-lp-overlay-link lqd-overlay lqd-cc-label-trigger z-index-2\" tab-index=\"-1\"><\/a><\/article><\/div><div class=\"lqd-lp-column d-flex flex-column col-md-12 news\"><article id=\"post-8027\" class=\"lqd-lp pos-rel lqd-lp lqd-lp-style-22 lqd-lp-hover-img-zoom text-start post-8027 post type-post status-publish format-standard hentry category-news tag-news\">\n\n<header class=\"entry-header lqd-lp-header mb-3\">\n\n\t<div class=\"lqd-lp-meta lqd-lp-meta-dot-between text-uppercase font-weight-bold text-uppercase ltr-sp-1\">\n        <div class=\"lqd-lp-author pos-rel z-index-3\">\n            <div class=\"lqd-lp-author-info\">\n                <span class=\"mt-0 mb-0\"><a href=\"https:\/\/chil.com.tr\/tr\/author\/admin\/\" title=\"CHIL taraf\u0131ndan yaz\u0131lan yaz\u0131lar\" rel=\"author\">CHIL<\/a><\/span>\n            <\/div>\n        <\/div>\n        <span class=\"lqd-lp-date\">\n            <a href=\"https:\/\/chil.com.tr\/tr\/chil-covid-19-antigen-test-ranks-among-top-performers-in-germany\/\">Kas\u0131m 16, 2023<\/a>\n        <\/span>\n\n\t\t<div class=\"lqd-lp-meta\">\n    \t\t    \t<\/div>\n\n            <\/div>\n\n    <h1 class=\"entry-title lqd-lp-title mt-2 mb-3 h5\"><a  href=\"https:\/\/chil.com.tr\/tr\/chil-covid-19-antigen-test-ranks-among-top-performers-in-germany\/\" rel=\"bookmark\">CHIL COVID-19 Antigen Test Ranks Among Top Performers in Germany<\/a><\/h1>\n<\/header>\n\n\t\t\t<div class=\"entry-summary lqd-lp-excerpt mb-3\">\n\t\t\t\tBased on end-user experiences in Germany, CHIL\u2019s COVID-19 Antigen Test was ranked among the top four companies in terms of&hellip;\t\t\t<\/div>\n\t\t\n<a  href=\"https:\/\/chil.com.tr\/tr\/chil-covid-19-antigen-test-ranks-among-top-performers-in-germany\/\" class=\"lqd-lp-overlay-link lqd-overlay lqd-cc-label-trigger z-index-2\" tab-index=\"-1\"><\/a><\/article><\/div><div class=\"lqd-lp-column d-flex flex-column col-md-12 news\"><article id=\"post-8022\" class=\"lqd-lp pos-rel lqd-lp lqd-lp-style-22 lqd-lp-hover-img-zoom text-start post-8022 post type-post status-publish format-standard hentry category-news tag-news\">\n\n<header class=\"entry-header lqd-lp-header mb-3\">\n\n\t<div class=\"lqd-lp-meta lqd-lp-meta-dot-between text-uppercase font-weight-bold text-uppercase ltr-sp-1\">\n        <div class=\"lqd-lp-author pos-rel z-index-3\">\n            <div class=\"lqd-lp-author-info\">\n                <span class=\"mt-0 mb-0\"><a href=\"https:\/\/chil.com.tr\/tr\/author\/admin\/\" title=\"CHIL taraf\u0131ndan yaz\u0131lan yaz\u0131lar\" rel=\"author\">CHIL<\/a><\/span>\n            <\/div>\n        <\/div>\n        <span class=\"lqd-lp-date\">\n            <a href=\"https:\/\/chil.com.tr\/tr\/chil-covid-19-rapid-antigen-test-demonstrates-high-accuracy-in-u-s-clinical-study\/\">Haziran 22, 2023<\/a>\n        <\/span>\n\n\t\t<div class=\"lqd-lp-meta\">\n    \t\t    \t<\/div>\n\n            <\/div>\n\n    <h1 class=\"entry-title lqd-lp-title mt-2 mb-3 h5\"><a  href=\"https:\/\/chil.com.tr\/tr\/chil-covid-19-rapid-antigen-test-demonstrates-high-accuracy-in-u-s-clinical-study\/\" rel=\"bookmark\">CHIL COVID-19 Rapid Antigen Test Demonstrates High Accuracy in U.S. Clinical Study<\/a><\/h1>\n<\/header>\n\n\t\t\t<div class=\"entry-summary lqd-lp-excerpt mb-3\">\n\t\t\t\tOn 15 June 2022, an observational and prospective clinical performance study of the CHIL\u2122 COVID-19 Rapid Antigen Test received approval&hellip;\t\t\t<\/div>\n\t\t\n<a  href=\"https:\/\/chil.com.tr\/tr\/chil-covid-19-rapid-antigen-test-demonstrates-high-accuracy-in-u-s-clinical-study\/\" class=\"lqd-lp-overlay-link lqd-overlay lqd-cc-label-trigger z-index-2\" tab-index=\"-1\"><\/a><\/article><\/div><div class=\"lqd-lp-column d-flex flex-column col-md-12 news\"><article id=\"post-8017\" class=\"lqd-lp pos-rel lqd-lp lqd-lp-style-22 lqd-lp-hover-img-zoom text-start post-8017 post type-post status-publish format-standard hentry category-news tag-news\">\n\n<header class=\"entry-header lqd-lp-header mb-3\">\n\n\t<div class=\"lqd-lp-meta lqd-lp-meta-dot-between text-uppercase font-weight-bold text-uppercase ltr-sp-1\">\n        <div class=\"lqd-lp-author pos-rel z-index-3\">\n            <div class=\"lqd-lp-author-info\">\n                <span class=\"mt-0 mb-0\"><a href=\"https:\/\/chil.com.tr\/tr\/author\/admin\/\" title=\"CHIL taraf\u0131ndan yaz\u0131lan yaz\u0131lar\" rel=\"author\">CHIL<\/a><\/span>\n            <\/div>\n        <\/div>\n        <span class=\"lqd-lp-date\">\n            <a href=\"https:\/\/chil.com.tr\/tr\/chil-founder-discusses-post-pandemic-insights-in-coronomics-interview\/\">Nisan 26, 2023<\/a>\n        <\/span>\n\n\t\t<div class=\"lqd-lp-meta\">\n    \t\t    \t<\/div>\n\n            <\/div>\n\n    <h1 class=\"entry-title lqd-lp-title mt-2 mb-3 h5\"><a  href=\"https:\/\/chil.com.tr\/tr\/chil-founder-discusses-post-pandemic-insights-in-coronomics-interview\/\" rel=\"bookmark\">CHIL Founder Discusses Post-Pandemic Insights in CORONOMICS Interview<\/a><\/h1>\n<\/header>\n\n\t\t\t<div class=\"entry-summary lqd-lp-excerpt mb-3\">\n\t\t\t\tIn April 2023, as part of a European Union research initiative, a European academic conducted an in-depth interview with CHIL&hellip;\t\t\t<\/div>\n\t\t\n<a  href=\"https:\/\/chil.com.tr\/tr\/chil-founder-discusses-post-pandemic-insights-in-coronomics-interview\/\" class=\"lqd-lp-overlay-link lqd-overlay lqd-cc-label-trigger z-index-2\" tab-index=\"-1\"><\/a><\/article><\/div><div class=\"lqd-lp-column d-flex flex-column col-md-12 news\"><article id=\"post-8012\" class=\"lqd-lp pos-rel lqd-lp lqd-lp-style-22 lqd-lp-hover-img-zoom text-start post-8012 post type-post status-publish format-standard hentry category-news tag-news\">\n\n<header class=\"entry-header lqd-lp-header mb-3\">\n\n\t<div class=\"lqd-lp-meta lqd-lp-meta-dot-between text-uppercase font-weight-bold text-uppercase ltr-sp-1\">\n        <div class=\"lqd-lp-author pos-rel z-index-3\">\n            <div class=\"lqd-lp-author-info\">\n                <span class=\"mt-0 mb-0\"><a href=\"https:\/\/chil.com.tr\/tr\/author\/admin\/\" title=\"CHIL taraf\u0131ndan yaz\u0131lan yaz\u0131lar\" rel=\"author\">CHIL<\/a><\/span>\n            <\/div>\n        <\/div>\n        <span class=\"lqd-lp-date\">\n            <a href=\"https:\/\/chil.com.tr\/tr\/chil-engages-with-the-middle-east-diagnostics-community\/\">\u015eubat 10, 2023<\/a>\n        <\/span>\n\n\t\t<div class=\"lqd-lp-meta\">\n    \t\t    \t<\/div>\n\n            <\/div>\n\n    <h1 class=\"entry-title lqd-lp-title mt-2 mb-3 h5\"><a  href=\"https:\/\/chil.com.tr\/tr\/chil-engages-with-the-middle-east-diagnostics-community\/\" rel=\"bookmark\">CHIL Engages with the Middle East Diagnostics Community<\/a><\/h1>\n<\/header>\n\n\t\t\t<div class=\"entry-summary lqd-lp-excerpt mb-3\">\n\t\t\t\tFrom February 6 to 9, 2023, CHIL participated in Medlab Middle East in Dubai, continuing its long-standing engagement in the&hellip;\t\t\t<\/div>\n\t\t\n<a  href=\"https:\/\/chil.com.tr\/tr\/chil-engages-with-the-middle-east-diagnostics-community\/\" class=\"lqd-lp-overlay-link lqd-overlay lqd-cc-label-trigger z-index-2\" tab-index=\"-1\"><\/a><\/article><\/div><div class=\"lqd-lp-column d-flex flex-column col-md-12 news\"><article id=\"post-8007\" class=\"lqd-lp pos-rel lqd-lp lqd-lp-style-22 lqd-lp-hover-img-zoom text-start post-8007 post type-post status-publish format-standard hentry category-news tag-news\">\n\n<header class=\"entry-header lqd-lp-header mb-3\">\n\n\t<div class=\"lqd-lp-meta lqd-lp-meta-dot-between text-uppercase font-weight-bold text-uppercase ltr-sp-1\">\n        <div class=\"lqd-lp-author pos-rel z-index-3\">\n            <div class=\"lqd-lp-author-info\">\n                <span class=\"mt-0 mb-0\"><a href=\"https:\/\/chil.com.tr\/tr\/author\/admin\/\" title=\"CHIL taraf\u0131ndan yaz\u0131lan yaz\u0131lar\" rel=\"author\">CHIL<\/a><\/span>\n            <\/div>\n        <\/div>\n        <span class=\"lqd-lp-date\">\n            <a href=\"https:\/\/chil.com.tr\/tr\/chil-makes-first-appearance-in-veterinary-sector-at-18th-agroexpo\/\">\u015eubat 6, 2023<\/a>\n        <\/span>\n\n\t\t<div class=\"lqd-lp-meta\">\n    \t\t    \t<\/div>\n\n            <\/div>\n\n    <h1 class=\"entry-title lqd-lp-title mt-2 mb-3 h5\"><a  href=\"https:\/\/chil.com.tr\/tr\/chil-makes-first-appearance-in-veterinary-sector-at-18th-agroexpo\/\" rel=\"bookmark\">CHIL Makes First Appearance in Veterinary Sector at 18th AGROEXPO<\/a><\/h1>\n<\/header>\n\n\t\t\t<div class=\"entry-summary lqd-lp-excerpt mb-3\">\n\t\t\t\tFrom 1\u20135 February 2023, CHIL participated for the first time in the veterinary segment at the 18th International Agriculture and&hellip;\t\t\t<\/div>\n\t\t\n<a  href=\"https:\/\/chil.com.tr\/tr\/chil-makes-first-appearance-in-veterinary-sector-at-18th-agroexpo\/\" class=\"lqd-lp-overlay-link lqd-overlay lqd-cc-label-trigger z-index-2\" tab-index=\"-1\"><\/a><\/article><\/div><div class=\"lqd-lp-column d-flex flex-column col-md-12 news\"><article id=\"post-7334\" class=\"lqd-lp pos-rel lqd-lp lqd-lp-style-22 lqd-lp-hover-img-zoom text-start post-7334 post type-post status-publish format-standard hentry category-news tag-news\">\n\n<header class=\"entry-header lqd-lp-header mb-3\">\n\n\t<div class=\"lqd-lp-meta lqd-lp-meta-dot-between text-uppercase font-weight-bold text-uppercase ltr-sp-1\">\n        <div class=\"lqd-lp-author pos-rel z-index-3\">\n            <div class=\"lqd-lp-author-info\">\n                <span class=\"mt-0 mb-0\"><a href=\"https:\/\/chil.com.tr\/tr\/author\/admin\/\" title=\"CHIL taraf\u0131ndan yaz\u0131lan yaz\u0131lar\" rel=\"author\">CHIL<\/a><\/span>\n            <\/div>\n        <\/div>\n        <span class=\"lqd-lp-date\">\n            <a href=\"https:\/\/chil.com.tr\/tr\/chil-founder-highlights-local-diagnostic-manufacturing-on-pakistani-television\/\">Ocak 13, 2023<\/a>\n        <\/span>\n\n\t\t<div class=\"lqd-lp-meta\">\n    \t\t    \t<\/div>\n\n            <\/div>\n\n    <h1 class=\"entry-title lqd-lp-title mt-2 mb-3 h5\"><a  href=\"https:\/\/chil.com.tr\/tr\/chil-founder-highlights-local-diagnostic-manufacturing-on-pakistani-television\/\" rel=\"bookmark\">CHIL Founder Highlights Local Diagnostic Manufacturing on Pakistani Television<\/a><\/h1>\n<\/header>\n\n\t\t\t<div class=\"entry-summary lqd-lp-excerpt mb-3\">\n\t\t\t\tHilda Cil, Founder of CHIL, appeared on Pakistani national television with her experienced team to provide guidance and support for&hellip;\t\t\t<\/div>\n\t\t\n<a  href=\"https:\/\/chil.com.tr\/tr\/chil-founder-highlights-local-diagnostic-manufacturing-on-pakistani-television\/\" class=\"lqd-lp-overlay-link lqd-overlay lqd-cc-label-trigger z-index-2\" tab-index=\"-1\"><\/a><\/article><\/div><div class=\"lqd-lp-column d-flex flex-column col-md-12 news\"><article id=\"post-7998\" class=\"lqd-lp pos-rel lqd-lp lqd-lp-style-22 lqd-lp-hover-img-zoom text-start post-7998 post type-post status-publish format-standard hentry category-news tag-news\">\n\n<header class=\"entry-header lqd-lp-header mb-3\">\n\n\t<div class=\"lqd-lp-meta lqd-lp-meta-dot-between text-uppercase font-weight-bold text-uppercase ltr-sp-1\">\n        <div class=\"lqd-lp-author pos-rel z-index-3\">\n            <div class=\"lqd-lp-author-info\">\n                <span class=\"mt-0 mb-0\"><a href=\"https:\/\/chil.com.tr\/tr\/author\/admin\/\" title=\"CHIL taraf\u0131ndan yaz\u0131lan yaz\u0131lar\" rel=\"author\">CHIL<\/a><\/span>\n            <\/div>\n        <\/div>\n        <span class=\"lqd-lp-date\">\n            <a href=\"https:\/\/chil.com.tr\/tr\/chil-connects-globally-at-medica\/\">Kas\u0131m 18, 2022<\/a>\n        <\/span>\n\n\t\t<div class=\"lqd-lp-meta\">\n    \t\t    \t<\/div>\n\n            <\/div>\n\n    <h1 class=\"entry-title lqd-lp-title mt-2 mb-3 h5\"><a  href=\"https:\/\/chil.com.tr\/tr\/chil-connects-globally-at-medica\/\" rel=\"bookmark\">CHIL Connects Globally at MEDICA<\/a><\/h1>\n<\/header>\n\n\t\t\t<div class=\"entry-summary lqd-lp-excerpt mb-3\">\n\t\t\t\tBetween November 14 and 17, 2022, CHIL participated in MEDICA Messe D\u00fcsseldorf, one of the world\u2019s most prominent medical technology&hellip;\t\t\t<\/div>\n\t\t\n<a  href=\"https:\/\/chil.com.tr\/tr\/chil-connects-globally-at-medica\/\" class=\"lqd-lp-overlay-link lqd-overlay lqd-cc-label-trigger z-index-2\" tab-index=\"-1\"><\/a><\/article><\/div><\/div><!--\/ .row --><div class=\"page-nav text-center\"><nav aria-label=\"Page navigation\"><ul class=\"pagination\"><li><span aria-current=\"page\" class=\"page-numbers current\">1<\/span><\/li>\n\t<li><a class=\"page-numbers\" href=\"https:\/\/chil.com.tr\/tr\/wp-json\/wp\/v2\/pages\/7210\/page\/2\/\">2<\/a><\/li>\n\t<li><a class=\"page-numbers\" href=\"https:\/\/chil.com.tr\/tr\/wp-json\/wp\/v2\/pages\/7210\/page\/3\/\">3<\/a><\/li>\n\t<li><span class=\"page-numbers dots\">&hellip;<\/span><\/li>\n\t<li><a class=\"page-numbers\" href=\"https:\/\/chil.com.tr\/tr\/wp-json\/wp\/v2\/pages\/7210\/page\/7\/\">7<\/a><\/li>\n\t<li><a class=\"next page-numbers\" href=\"https:\/\/chil.com.tr\/tr\/wp-json\/wp\/v2\/pages\/7210\/page\/2\/\"><span aria-hidden=\"true\"><svg xmlns=\"http:\/\/www.w3.org\/2000\/svg\" width=\"12\" height=\"32\" viewBox=\"0 0 12 32\" style=\"width: 1em;height: 1em\"><path fill=\"currentColor\" d=\"M8.375 16L.437 8.062C-.125 7.5-.125 6.5.438 5.938s1.563-.563 2.126 0l9 9c.562.562.624 1.5.062 2.062l-9.063 9.063c-.312.312-.687.437-1.062.437s-.75-.125-1.063-.438c-.562-.562-.562-1.562 0-2.125z\"><\/path><\/svg><\/span><\/a><\/li><\/ul><\/nav><\/div><\/div><!--\/ .lqd-lp-grid -->\t\t\t\t<\/div>\n\t\t\t\t<\/div>\n\t\t\t\t\t<\/div>\n\t\t<\/div>\n\t\t\t\t\t<\/div>\n\t\t<\/section>\n\t\t\t\t<\/div>\n\t\t","protected":false},"excerpt":{"rendered":"","protected":false},"author":1,"featured_media":0,"parent":0,"menu_order":0,"comment_status":"closed","ping_status":"closed","template":"","meta":{"footnotes":""},"class_list":["post-7210","page","type-page","status-publish","hentry"],"_links":{"self":[{"href":"https:\/\/chil.com.tr\/tr\/wp-json\/wp\/v2\/pages\/7210","targetHints":{"allow":["GET"]}}],"collection":[{"href":"https:\/\/chil.com.tr\/tr\/wp-json\/wp\/v2\/pages"}],"about":[{"href":"https:\/\/chil.com.tr\/tr\/wp-json\/wp\/v2\/types\/page"}],"author":[{"embeddable":true,"href":"https:\/\/chil.com.tr\/tr\/wp-json\/wp\/v2\/users\/1"}],"replies":[{"embeddable":true,"href":"https:\/\/chil.com.tr\/tr\/wp-json\/wp\/v2\/comments?post=7210"}],"version-history":[{"count":44,"href":"https:\/\/chil.com.tr\/tr\/wp-json\/wp\/v2\/pages\/7210\/revisions"}],"predecessor-version":[{"id":7675,"href":"https:\/\/chil.com.tr\/tr\/wp-json\/wp\/v2\/pages\/7210\/revisions\/7675"}],"wp:attachment":[{"href":"https:\/\/chil.com.tr\/tr\/wp-json\/wp\/v2\/media?parent=7210"}],"curies":[{"name":"wp","href":"https:\/\/api.w.org\/{rel}","templated":true}]}}